{"id":898,"date":"2024-12-18T11:47:14","date_gmt":"2024-12-18T10:47:14","guid":{"rendered":"https:\/\/www.boldtsystems.com\/datenschutzerklaerung\/"},"modified":"2025-01-07T11:21:33","modified_gmt":"2025-01-07T10:21:33","slug":"datenschutz","status":"publish","type":"page","link":"https:\/\/www.boldtsystems.com\/de\/datenschutz\/","title":{"rendered":"Datenschutz"},"content":{"rendered":"<p><strong>Boldt Systems BV<\/strong> (im Folgenden: Boldt), mit Sitz in De Syl 2, NL-8701 PX Bolsward, Die Niederlande ist verantwortlich f\u00fcr die Verarbeitung personenbezogener Daten, wie in dieser Datenschutzerkl\u00e4rung beschrieben.<\/p>\n<p><strong>Kontaktinformationen:<\/strong><br \/>\nhttps:\/\/www.boldtsystems.com<br \/>\nDe Syl 2<br \/>\nNL-8701 PX Bolsward<br \/>\nDie Niederlande<br \/>\n+31 (0)515-576440<\/p>\n<p><strong>Personenbezogene Daten, die wir verarbeiten<\/strong><br \/>\nBoldt verarbeitet personenbezogene Daten im Sinne des \u00a7 4 Abs. 1 Datenschutz-Grundverordnung (DSGVO). Personenbezogene Daten sind alle Daten, die Auskunft \u00fcber eine identifizierte oder identifizierbare nat\u00fcrliche Person geben k\u00f6nnen.<\/p>\n<p>Im Folgenden finden Sie einen \u00dcberblick \u00fcber die von uns verarbeiteten personenbezogenen Daten:<\/p>\n<ul>\n<li>Name, Vornamen, Initialen, Titel, Berufsbezeichnung, Adressdaten, Telefonnummer und \u00e4hnliche f\u00fcr<br \/>\ndie Kommunikation erforderliche Daten wie E-Mail-Adresse sowie die Organisation, der die<br \/>\nbetreffende Person angeh\u00f6rt<\/li>\n<li>Daten zur Bearbeitung von Kundenauftr\u00e4gen oder Kommissionen;<\/li>\n<li>Daten, die f\u00fcr die Ausf\u00fchrung der Vereinbarung oder des Auftrags erforderlich sind;<\/li>\n<\/ul>\n<p><strong>Zu welchem Zweck und auf welcher Grundlage wir personenbezogene Daten verarbeiten<\/strong><br \/>\nBoldt verarbeitet Ihre personenbezogenen Daten f\u00fcr die folgenden Zwecke:<\/p>\n<ul>\n<li>Um mit Ihnen telefonisch oder per E-Mail in Kontakt zu treten, wenn dies zur Erbringung unserer<br \/>\nDienstleistungen erforderlich ist um unsere Dienstleistungen zu erbringen<\/li>\n<li>Um Ihre Zahlung abzuwickeln<\/li>\n<li>Um Ihnen Maschinen und\/oder Teile und Dienstleistungen zu liefern<\/li>\n<li>Um Sie \u00fcber \u00c4nderungen unserer Dienstleistungen und Tarife zu informieren<\/li>\n<li>Um Ihnen einen Newsletter zu schicken<\/li>\n<li>Boldt verarbeitet auch personenbezogene Daten, wenn wir dazu gesetzlich verpflichtet sind, wie<br \/>\nz.B. Daten, die wir f\u00fcr unsere Steuererkl\u00e4rung ben\u00f6tigen.<\/li>\n<\/ul>\n<p><strong>Automatisierte Entscheidungsfindung<\/strong><br \/>\nBoldt trifft keine Entscheidungen auf der Grundlage einer automatisierten Verarbeitung \u00fcber Angelegenheiten, die Einzelpersonen (erheblich) beeintr\u00e4chtigen k\u00f6nnten. Dies sind Entscheidungen, die von Computerprogrammen oder -systemen getroffen werden, ohne dass eine Person (z. B. ein Mitarbeiter von Boldt) daran beteiligt ist.<\/p>\n<p><strong>Wie lange wir personenbezogene Daten aufbewahren<\/strong><br \/>\nBoldt bewahrt Ihre personenbezogenen Daten nicht l\u00e4nger auf, als es f\u00fcr die Erf\u00fcllung der Zwecke, f\u00fcr die Ihre Daten erhoben wurden, unbedingt erforderlich ist.<\/p>\n<p><strong>Weitergabe personenbezogener Daten an Dritte<\/strong><br \/>\nBoldt gibt Daten nur dann an Dritte weiter, wenn Boldt aufgrund gesetzlicher Bestimmungen dazu verpflichtet ist, durch ein Gerichtsverfahren dazu gezwungen wird und\/oder wenn Boldt dies zum Schutz eigener Rechte f\u00fcr erforderlich h\u00e4lt.<\/p>\n<p><strong>Einsichtnahme, Berichtigung oder L\u00f6schung von Daten<\/strong><br \/>\nSie haben das Recht, Ihre personenbezogenen Daten einzusehen, zu berichtigen oder zu l\u00f6schen. Sie haben auch das Recht, Ihre eventuelle Zustimmung zur Datenverarbeitung zu widerrufen oder der Verarbeitung Ihrer personenbezogenen Daten durch Boldt zu widersprechen, und Sie haben das Recht auf Daten\u00fcbertragbarkeit. Dies bedeutet, dass Sie bei uns beantragen k\u00f6nnen, dass die personenbezogenen Daten, die wir \u00fcber Sie in einer Computerdatei gespeichert haben, an Sie oder eine andere von Ihnen benannte Organisation \u00fcbermittelt werden.<\/p>\n<p>Sie k\u00f6nnen einen Antrag auf Einsichtnahme, Berichtigung, L\u00f6schung, \u00dcbertragung Ihrer personenbezogenen Daten oder einen Antrag auf Widerruf Ihrer Einwilligung oder Widerspruch gegen die Verarbeitung Ihrer personenbezogenen Daten an <a href=\"mailto:info@boldtsystems.com\">info@boldtsystems.com<\/a> richten.<br \/>\nUm sicherzustellen, dass der Antrag auf Einsichtnahme von Ihnen gestellt wird, bitten wir Sie, dem Antrag eine Kopie Ihres Identit\u00e4tsnachweises beizuf\u00fcgen. Schw\u00e4rzen Sie in dieser Kopie bitte Ihr Passfoto, die (MRZ) maschinenlesbare Zone (Zahlenstreifen am unteren Rand des Passes), die Passnummer und die Sozialversicherungsnummer.<br \/>\nDies dient dem Schutz Ihrer Privatsph\u00e4re. Wir werden Ihren Antrag so schnell wie m\u00f6glich, jedoch innerhalb von vier Wochen, beantworten.<\/p>\n<p><strong>Wie wir pers\u00f6nliche Daten sch\u00fctzen<\/strong><br \/>\nBoldt nimmt den Schutz Ihrer Daten ernst und ergreift geeignete Ma\u00dfnahmen, um Missbrauch, Verlust, unbefugtem Zugriff, unerw\u00fcnschter Offenlegung und unbefugter Ver\u00e4nderung entgegenzuwirken. Wenn Sie den Eindruck haben, dass Ihre Daten nicht ordnungsgem\u00e4\u00df gesichert sind oder es Anzeichen f\u00fcr einen Missbrauch gibt, kontaktieren Sie uns bitte unter <a href=\"mailto:info@boldtsystems.com\">info@boldtsystems.com<\/a>.<\/p>\n","protected":false},"excerpt":{"rendered":"<p>Boldt Systems BV (im Folgenden: Boldt), mit Sitz in De Syl 2, NL-8701 PX Bolsward, Die Niederlande ist verantwortlich f\u00fcr die Verarbeitung personenbezogener Daten, wie in dieser Datenschutzerkl\u00e4rung beschrieben. Kontaktinformationen: https:\/\/www.boldtsystems.com De Syl 2 NL-8701 PX Bolsward Die Niederlande +31 (0)515-576440 Personenbezogene Daten, die wir verarbeiten Boldt verarbeitet personenbezogene Daten im Sinne des \u00a7 4 [&hellip;]<\/p>\n","protected":false},"author":1,"featured_media":0,"parent":0,"menu_order":0,"comment_status":"closed","ping_status":"closed","template":"","meta":{"_acf_changed":false,"_et_pb_use_builder":"","_et_pb_old_content":"","_et_gb_content_width":"","_monsterinsights_skip_tracking":false,"_monsterinsights_sitenote_active":false,"_monsterinsights_sitenote_note":"","_monsterinsights_sitenote_category":0,"footnotes":""},"class_list":["post-898","page","type-page","status-publish","hentry"],"acf":[],"yoast_head":"<!-- This site is optimized with the Yoast SEO plugin v27.2 - https:\/\/yoast.com\/product\/yoast-seo-wordpress\/ -->\n<title>Datenschutz - Boldt Systems<\/title>\n<meta name=\"robots\" content=\"index, follow, max-snippet:-1, max-image-preview:large, max-video-preview:-1\" \/>\n<link rel=\"canonical\" href=\"https:\/\/www.boldtsystems.com\/de\/datenschutz\/\" \/>\n<meta property=\"og:locale\" content=\"de_DE\" \/>\n<meta property=\"og:type\" content=\"article\" \/>\n<meta property=\"og:title\" content=\"Datenschutz - Boldt Systems\" \/>\n<meta property=\"og:description\" content=\"Boldt Systems BV (im Folgenden: Boldt), mit Sitz in De Syl 2, NL-8701 PX Bolsward, Die Niederlande ist verantwortlich f\u00fcr die Verarbeitung personenbezogener Daten, wie in dieser Datenschutzerkl\u00e4rung beschrieben. Kontaktinformationen: https:\/\/www.boldtsystems.com De Syl 2 NL-8701 PX Bolsward Die Niederlande +31 (0)515-576440 Personenbezogene Daten, die wir verarbeiten Boldt verarbeitet personenbezogene Daten im Sinne des \u00a7 4 [&hellip;]\" \/>\n<meta property=\"og:url\" content=\"https:\/\/www.boldtsystems.com\/de\/datenschutz\/\" \/>\n<meta property=\"og:site_name\" content=\"Boldt Systems\" \/>\n<meta property=\"article:modified_time\" content=\"2025-01-07T10:21:33+00:00\" \/>\n<meta property=\"og:image\" content=\"https:\/\/www.boldtsystems.com\/wp-content\/uploads\/2025\/01\/boldt_voorkant.jpg\" \/>\n\t<meta property=\"og:image:width\" content=\"1300\" \/>\n\t<meta property=\"og:image:height\" content=\"409\" \/>\n\t<meta property=\"og:image:type\" content=\"image\/jpeg\" \/>\n<meta name=\"twitter:card\" content=\"summary_large_image\" \/>\n<meta name=\"twitter:label1\" content=\"Gesch\u00e4tzte Lesezeit\" \/>\n\t<meta name=\"twitter:data1\" content=\"3\u00a0Minuten\" \/>\n<script type=\"application\/ld+json\" class=\"yoast-schema-graph\">{\"@context\":\"https:\/\/schema.org\",\"@graph\":[{\"@type\":\"WebPage\",\"@id\":\"https:\/\/www.boldtsystems.com\/de\/datenschutz\/\",\"url\":\"https:\/\/www.boldtsystems.com\/de\/datenschutz\/\",\"name\":\"Datenschutz - Boldt Systems\",\"isPartOf\":{\"@id\":\"https:\/\/www.boldtsystems.com\/de\/#website\"},\"datePublished\":\"2024-12-18T10:47:14+00:00\",\"dateModified\":\"2025-01-07T10:21:33+00:00\",\"breadcrumb\":{\"@id\":\"https:\/\/www.boldtsystems.com\/de\/datenschutz\/#breadcrumb\"},\"inLanguage\":\"de\",\"potentialAction\":[{\"@type\":\"ReadAction\",\"target\":[\"https:\/\/www.boldtsystems.com\/de\/datenschutz\/\"]}]},{\"@type\":\"BreadcrumbList\",\"@id\":\"https:\/\/www.boldtsystems.com\/de\/datenschutz\/#breadcrumb\",\"itemListElement\":[{\"@type\":\"ListItem\",\"position\":1,\"name\":\"Home\",\"item\":\"https:\/\/www.boldtsystems.com\/de\/\"},{\"@type\":\"ListItem\",\"position\":2,\"name\":\"Datenschutz\"}]},{\"@type\":\"WebSite\",\"@id\":\"https:\/\/www.boldtsystems.com\/de\/#website\",\"url\":\"https:\/\/www.boldtsystems.com\/de\/\",\"name\":\"Boldt Systems\",\"description\":\"\",\"publisher\":{\"@id\":\"https:\/\/www.boldtsystems.com\/de\/#organization\"},\"potentialAction\":[{\"@type\":\"SearchAction\",\"target\":{\"@type\":\"EntryPoint\",\"urlTemplate\":\"https:\/\/www.boldtsystems.com\/de\/?s={search_term_string}\"},\"query-input\":{\"@type\":\"PropertyValueSpecification\",\"valueRequired\":true,\"valueName\":\"search_term_string\"}}],\"inLanguage\":\"de\"},{\"@type\":\"Organization\",\"@id\":\"https:\/\/www.boldtsystems.com\/de\/#organization\",\"name\":\"Boldt Systems\",\"url\":\"https:\/\/www.boldtsystems.com\/de\/\",\"logo\":{\"@type\":\"ImageObject\",\"inLanguage\":\"de\",\"@id\":\"https:\/\/www.boldtsystems.com\/de\/#\/schema\/logo\/image\/\",\"url\":\"https:\/\/www.boldtsystems.com\/wp-content\/uploads\/2024\/11\/boldtsystems_logo-web.png\",\"contentUrl\":\"https:\/\/www.boldtsystems.com\/wp-content\/uploads\/2024\/11\/boldtsystems_logo-web.png\",\"width\":500,\"height\":77,\"caption\":\"Boldt Systems\"},\"image\":{\"@id\":\"https:\/\/www.boldtsystems.com\/de\/#\/schema\/logo\/image\/\"}}]}<\/script>\n<!-- \/ Yoast SEO plugin. -->","yoast_head_json":{"title":"Datenschutz - Boldt Systems","robots":{"index":"index","follow":"follow","max-snippet":"max-snippet:-1","max-image-preview":"max-image-preview:large","max-video-preview":"max-video-preview:-1"},"canonical":"https:\/\/www.boldtsystems.com\/de\/datenschutz\/","og_locale":"de_DE","og_type":"article","og_title":"Datenschutz - Boldt Systems","og_description":"Boldt Systems BV (im Folgenden: Boldt), mit Sitz in De Syl 2, NL-8701 PX Bolsward, Die Niederlande ist verantwortlich f\u00fcr die Verarbeitung personenbezogener Daten, wie in dieser Datenschutzerkl\u00e4rung beschrieben. Kontaktinformationen: https:\/\/www.boldtsystems.com De Syl 2 NL-8701 PX Bolsward Die Niederlande +31 (0)515-576440 Personenbezogene Daten, die wir verarbeiten Boldt verarbeitet personenbezogene Daten im Sinne des \u00a7 4 [&hellip;]","og_url":"https:\/\/www.boldtsystems.com\/de\/datenschutz\/","og_site_name":"Boldt Systems","article_modified_time":"2025-01-07T10:21:33+00:00","og_image":[{"width":1300,"height":409,"url":"https:\/\/www.boldtsystems.com\/wp-content\/uploads\/2025\/01\/boldt_voorkant.jpg","type":"image\/jpeg"}],"twitter_card":"summary_large_image","twitter_misc":{"Gesch\u00e4tzte Lesezeit":"3\u00a0Minuten"},"schema":{"@context":"https:\/\/schema.org","@graph":[{"@type":"WebPage","@id":"https:\/\/www.boldtsystems.com\/de\/datenschutz\/","url":"https:\/\/www.boldtsystems.com\/de\/datenschutz\/","name":"Datenschutz - Boldt Systems","isPartOf":{"@id":"https:\/\/www.boldtsystems.com\/de\/#website"},"datePublished":"2024-12-18T10:47:14+00:00","dateModified":"2025-01-07T10:21:33+00:00","breadcrumb":{"@id":"https:\/\/www.boldtsystems.com\/de\/datenschutz\/#breadcrumb"},"inLanguage":"de","potentialAction":[{"@type":"ReadAction","target":["https:\/\/www.boldtsystems.com\/de\/datenschutz\/"]}]},{"@type":"BreadcrumbList","@id":"https:\/\/www.boldtsystems.com\/de\/datenschutz\/#breadcrumb","itemListElement":[{"@type":"ListItem","position":1,"name":"Home","item":"https:\/\/www.boldtsystems.com\/de\/"},{"@type":"ListItem","position":2,"name":"Datenschutz"}]},{"@type":"WebSite","@id":"https:\/\/www.boldtsystems.com\/de\/#website","url":"https:\/\/www.boldtsystems.com\/de\/","name":"Boldt Systems","description":"","publisher":{"@id":"https:\/\/www.boldtsystems.com\/de\/#organization"},"potentialAction":[{"@type":"SearchAction","target":{"@type":"EntryPoint","urlTemplate":"https:\/\/www.boldtsystems.com\/de\/?s={search_term_string}"},"query-input":{"@type":"PropertyValueSpecification","valueRequired":true,"valueName":"search_term_string"}}],"inLanguage":"de"},{"@type":"Organization","@id":"https:\/\/www.boldtsystems.com\/de\/#organization","name":"Boldt Systems","url":"https:\/\/www.boldtsystems.com\/de\/","logo":{"@type":"ImageObject","inLanguage":"de","@id":"https:\/\/www.boldtsystems.com\/de\/#\/schema\/logo\/image\/","url":"https:\/\/www.boldtsystems.com\/wp-content\/uploads\/2024\/11\/boldtsystems_logo-web.png","contentUrl":"https:\/\/www.boldtsystems.com\/wp-content\/uploads\/2024\/11\/boldtsystems_logo-web.png","width":500,"height":77,"caption":"Boldt Systems"},"image":{"@id":"https:\/\/www.boldtsystems.com\/de\/#\/schema\/logo\/image\/"}}]}},"_links":{"self":[{"href":"https:\/\/www.boldtsystems.com\/de\/wp-json\/wp\/v2\/pages\/898","targetHints":{"allow":["GET"]}}],"collection":[{"href":"https:\/\/www.boldtsystems.com\/de\/wp-json\/wp\/v2\/pages"}],"about":[{"href":"https:\/\/www.boldtsystems.com\/de\/wp-json\/wp\/v2\/types\/page"}],"author":[{"embeddable":true,"href":"https:\/\/www.boldtsystems.com\/de\/wp-json\/wp\/v2\/users\/1"}],"replies":[{"embeddable":true,"href":"https:\/\/www.boldtsystems.com\/de\/wp-json\/wp\/v2\/comments?post=898"}],"version-history":[{"count":2,"href":"https:\/\/www.boldtsystems.com\/de\/wp-json\/wp\/v2\/pages\/898\/revisions"}],"predecessor-version":[{"id":926,"href":"https:\/\/www.boldtsystems.com\/de\/wp-json\/wp\/v2\/pages\/898\/revisions\/926"}],"wp:attachment":[{"href":"https:\/\/www.boldtsystems.com\/de\/wp-json\/wp\/v2\/media?parent=898"}],"curies":[{"name":"wp","href":"https:\/\/api.w.org\/{rel}","templated":true}]}}